{"id":1268,"date":"2025-01-07T10:19:41","date_gmt":"2025-01-07T10:19:41","guid":{"rendered":"https:\/\/tacticalboards.com\/government-data-request-principles\/"},"modified":"2025-05-14T09:30:58","modified_gmt":"2025-05-14T08:30:58","slug":"government-data-request-principles","status":"publish","type":"page","link":"https:\/\/tacticalboards.com\/es\/government-data-request-principles\/","title":{"rendered":"Principios de Solicitud de Datos Gubernamentales"},"content":{"rendered":"<p>[vc_row css=&#8221;.vc_custom_1730108189827{padding-top: 80px !important;}&#8221;][vc_column][vc_column_text]Sabemos que conf\u00edas en nosotros para proteger tu vida digital y tu privacidad. Al igual que otros servicios en l\u00ednea, ocasionalmente recibimos solicitudes gubernamentales de informaci\u00f3n de usuarios. As\u00ed es como manejamos estas solicitudes y abogamos por una mayor protecci\u00f3n de la privacidad.<\/p>\n<ul>\n<li><strong>Transparencia:<\/strong>\u00a0Creemos en el derecho a informar de la cantidad de solicitudes de datos gubernamentales que recibimos, el n\u00famero de cuentas afectadas y los fundamentos legales de dichas solicitudes. Seguiremos defendiendo una mayor transparencia.<\/li>\n<li><strong>Oposici\u00f3n a solicitudes amplias<\/strong>:\u00a0Las solicitudes gubernamentales deben centrarse en individuos y casos espec\u00edficos. Nos opondremos a aquellas que busquen datos de grandes grupos o informaci\u00f3n no relacionada con investigaciones concretas.<\/li>\n<li><strong>Protecci\u00f3n equitativa para todos los usuarios<\/strong>:\u00a0Las leyes de privacidad no deben discriminar por ciudadan\u00eda o ubicaci\u00f3n. Estamos comprometidos con la defensa de reformas que protejan a todos por igual.<\/li>\n<li><strong>Servicios confiables<\/strong>:\u00a0Creemos que los gobiernos no deber\u00eda instalar puertas traseras ni comprometer nuestra infraestructura para obtener datos de los usuarios. Defenderemos nuestros sistemas y apoyaremos reformas legales para prohibir estas pr\u00e1cticas.<\/li>\n<\/ul>\n<p>[\/vc_column_text][\/vc_column][\/vc_row]<\/p>\n","protected":false},"excerpt":{"rendered":"<p>[vc_row css=&#8221;.vc_custom_1730108189827{padding-top: 80px !important;}&#8221;][vc_column][vc_column_text]Sabemos que conf\u00edas en nosotros para proteger tu vida digital y tu privacidad. Al igual que otros servicios en l\u00ednea, ocasionalmente recibimos solicitudes gubernamentales de informaci\u00f3n de usuarios. As\u00ed es como manejamos estas solicitudes y abogamos por una mayor protecci\u00f3n de la privacidad. Transparencia:\u00a0Creemos en el derecho a informar de la cantidad [&hellip;]<\/p>\n","protected":false},"author":1,"featured_media":0,"parent":0,"menu_order":0,"comment_status":"closed","ping_status":"closed","template":"","meta":{"inline_featured_image":false,"footnotes":""},"class_list":["post-1268","page","type-page","status-publish","hentry"],"yoast_head":"<!-- This site is optimized with the Yoast SEO plugin v24.4 - https:\/\/yoast.com\/wordpress\/plugins\/seo\/ -->\n<title>Principios de Solicitud de Datos Gubernamentales - Tactical Boards<\/title>\n<meta name=\"robots\" content=\"index, follow, max-snippet:-1, max-image-preview:large, max-video-preview:-1\" \/>\n<link rel=\"canonical\" href=\"https:\/\/tacticalboards.com\/es\/government-data-request-principles\/\" \/>\n<meta property=\"og:locale\" content=\"es_ES\" \/>\n<meta property=\"og:type\" content=\"article\" \/>\n<meta property=\"og:title\" content=\"Principios de Solicitud de Datos Gubernamentales - Tactical Boards\" \/>\n<meta property=\"og:description\" content=\"[vc_row css=&#8221;.vc_custom_1730108189827{padding-top: 80px !important;}&#8221;][vc_column][vc_column_text]Sabemos que conf\u00edas en nosotros para proteger tu vida digital y tu privacidad. Al igual que otros servicios en l\u00ednea, ocasionalmente recibimos solicitudes gubernamentales de informaci\u00f3n de usuarios. As\u00ed es como manejamos estas solicitudes y abogamos por una mayor protecci\u00f3n de la privacidad. Transparencia:\u00a0Creemos en el derecho a informar de la cantidad [&hellip;]\" \/>\n<meta property=\"og:url\" content=\"https:\/\/tacticalboards.com\/es\/government-data-request-principles\/\" \/>\n<meta property=\"og:site_name\" content=\"Tactical Boards\" \/>\n<meta property=\"article:publisher\" content=\"https:\/\/www.facebook.com\/tacticalboards\/\" \/>\n<meta property=\"article:modified_time\" content=\"2025-05-14T08:30:58+00:00\" \/>\n<meta name=\"twitter:card\" content=\"summary_large_image\" \/>\n<meta name=\"twitter:site\" content=\"@tacticalboards\" \/>\n<meta name=\"twitter:label1\" content=\"Tiempo de lectura\" \/>\n\t<meta name=\"twitter:data1\" content=\"1 minuto\" \/>\n<script type=\"application\/ld+json\" class=\"yoast-schema-graph\">{\"@context\":\"https:\/\/schema.org\",\"@graph\":[{\"@type\":\"WebPage\",\"@id\":\"https:\/\/tacticalboards.com\/es\/government-data-request-principles\/\",\"url\":\"https:\/\/tacticalboards.com\/es\/government-data-request-principles\/\",\"name\":\"Principios de Solicitud de Datos Gubernamentales - Tactical Boards\",\"isPartOf\":{\"@id\":\"https:\/\/tacticalboards.com\/es\/#website\"},\"datePublished\":\"2025-01-07T10:19:41+00:00\",\"dateModified\":\"2025-05-14T08:30:58+00:00\",\"breadcrumb\":{\"@id\":\"https:\/\/tacticalboards.com\/es\/government-data-request-principles\/#breadcrumb\"},\"inLanguage\":\"es\",\"potentialAction\":[{\"@type\":\"ReadAction\",\"target\":[\"https:\/\/tacticalboards.com\/es\/government-data-request-principles\/\"]}]},{\"@type\":\"BreadcrumbList\",\"@id\":\"https:\/\/tacticalboards.com\/es\/government-data-request-principles\/#breadcrumb\",\"itemListElement\":[{\"@type\":\"ListItem\",\"position\":1,\"name\":\"Home\",\"item\":\"https:\/\/tacticalboards.com\/es\/\"},{\"@type\":\"ListItem\",\"position\":2,\"name\":\"Principios de Solicitud de Datos Gubernamentales\"}]},{\"@type\":\"WebSite\",\"@id\":\"https:\/\/tacticalboards.com\/es\/#website\",\"url\":\"https:\/\/tacticalboards.com\/es\/\",\"name\":\"Tactical Boards\",\"description\":\"\",\"publisher\":{\"@id\":\"https:\/\/tacticalboards.com\/es\/#organization\"},\"potentialAction\":[{\"@type\":\"SearchAction\",\"target\":{\"@type\":\"EntryPoint\",\"urlTemplate\":\"https:\/\/tacticalboards.com\/es\/?s={search_term_string}\"},\"query-input\":{\"@type\":\"PropertyValueSpecification\",\"valueRequired\":true,\"valueName\":\"search_term_string\"}}],\"inLanguage\":\"es\"},{\"@type\":\"Organization\",\"@id\":\"https:\/\/tacticalboards.com\/es\/#organization\",\"name\":\"Tactical Boards\",\"url\":\"https:\/\/tacticalboards.com\/es\/\",\"logo\":{\"@type\":\"ImageObject\",\"inLanguage\":\"es\",\"@id\":\"https:\/\/tacticalboards.com\/es\/#\/schema\/logo\/image\/\",\"url\":\"https:\/\/tacticalboards.com\/wp-content\/uploads\/2024\/11\/logo-tacticalboards.svg\",\"contentUrl\":\"https:\/\/tacticalboards.com\/wp-content\/uploads\/2024\/11\/logo-tacticalboards.svg\",\"width\":218,\"height\":79,\"caption\":\"Tactical Boards\"},\"image\":{\"@id\":\"https:\/\/tacticalboards.com\/es\/#\/schema\/logo\/image\/\"},\"sameAs\":[\"https:\/\/www.facebook.com\/tacticalboards\/\",\"https:\/\/x.com\/tacticalboards\",\"https:\/\/www.instagram.com\/tacticalboards\",\"https:\/\/www.linkedin.com\/company\/tactical-soccer\/\",\"https:\/\/www.youtube.com\/@tactical.boards\"]}]}<\/script>\n<!-- \/ Yoast SEO plugin. -->","yoast_head_json":{"title":"Principios de Solicitud de Datos Gubernamentales - Tactical Boards","robots":{"index":"index","follow":"follow","max-snippet":"max-snippet:-1","max-image-preview":"max-image-preview:large","max-video-preview":"max-video-preview:-1"},"canonical":"https:\/\/tacticalboards.com\/es\/government-data-request-principles\/","og_locale":"es_ES","og_type":"article","og_title":"Principios de Solicitud de Datos Gubernamentales - Tactical Boards","og_description":"[vc_row css=&#8221;.vc_custom_1730108189827{padding-top: 80px !important;}&#8221;][vc_column][vc_column_text]Sabemos que conf\u00edas en nosotros para proteger tu vida digital y tu privacidad. Al igual que otros servicios en l\u00ednea, ocasionalmente recibimos solicitudes gubernamentales de informaci\u00f3n de usuarios. As\u00ed es como manejamos estas solicitudes y abogamos por una mayor protecci\u00f3n de la privacidad. Transparencia:\u00a0Creemos en el derecho a informar de la cantidad [&hellip;]","og_url":"https:\/\/tacticalboards.com\/es\/government-data-request-principles\/","og_site_name":"Tactical Boards","article_publisher":"https:\/\/www.facebook.com\/tacticalboards\/","article_modified_time":"2025-05-14T08:30:58+00:00","twitter_card":"summary_large_image","twitter_site":"@tacticalboards","twitter_misc":{"Tiempo de lectura":"1 minuto"},"schema":{"@context":"https:\/\/schema.org","@graph":[{"@type":"WebPage","@id":"https:\/\/tacticalboards.com\/es\/government-data-request-principles\/","url":"https:\/\/tacticalboards.com\/es\/government-data-request-principles\/","name":"Principios de Solicitud de Datos Gubernamentales - Tactical Boards","isPartOf":{"@id":"https:\/\/tacticalboards.com\/es\/#website"},"datePublished":"2025-01-07T10:19:41+00:00","dateModified":"2025-05-14T08:30:58+00:00","breadcrumb":{"@id":"https:\/\/tacticalboards.com\/es\/government-data-request-principles\/#breadcrumb"},"inLanguage":"es","potentialAction":[{"@type":"ReadAction","target":["https:\/\/tacticalboards.com\/es\/government-data-request-principles\/"]}]},{"@type":"BreadcrumbList","@id":"https:\/\/tacticalboards.com\/es\/government-data-request-principles\/#breadcrumb","itemListElement":[{"@type":"ListItem","position":1,"name":"Home","item":"https:\/\/tacticalboards.com\/es\/"},{"@type":"ListItem","position":2,"name":"Principios de Solicitud de Datos Gubernamentales"}]},{"@type":"WebSite","@id":"https:\/\/tacticalboards.com\/es\/#website","url":"https:\/\/tacticalboards.com\/es\/","name":"Tactical Boards","description":"","publisher":{"@id":"https:\/\/tacticalboards.com\/es\/#organization"},"potentialAction":[{"@type":"SearchAction","target":{"@type":"EntryPoint","urlTemplate":"https:\/\/tacticalboards.com\/es\/?s={search_term_string}"},"query-input":{"@type":"PropertyValueSpecification","valueRequired":true,"valueName":"search_term_string"}}],"inLanguage":"es"},{"@type":"Organization","@id":"https:\/\/tacticalboards.com\/es\/#organization","name":"Tactical Boards","url":"https:\/\/tacticalboards.com\/es\/","logo":{"@type":"ImageObject","inLanguage":"es","@id":"https:\/\/tacticalboards.com\/es\/#\/schema\/logo\/image\/","url":"https:\/\/tacticalboards.com\/wp-content\/uploads\/2024\/11\/logo-tacticalboards.svg","contentUrl":"https:\/\/tacticalboards.com\/wp-content\/uploads\/2024\/11\/logo-tacticalboards.svg","width":218,"height":79,"caption":"Tactical Boards"},"image":{"@id":"https:\/\/tacticalboards.com\/es\/#\/schema\/logo\/image\/"},"sameAs":["https:\/\/www.facebook.com\/tacticalboards\/","https:\/\/x.com\/tacticalboards","https:\/\/www.instagram.com\/tacticalboards","https:\/\/www.linkedin.com\/company\/tactical-soccer\/","https:\/\/www.youtube.com\/@tactical.boards"]}]}},"_links":{"self":[{"href":"https:\/\/tacticalboards.com\/es\/wp-json\/wp\/v2\/pages\/1268","targetHints":{"allow":["GET"]}}],"collection":[{"href":"https:\/\/tacticalboards.com\/es\/wp-json\/wp\/v2\/pages"}],"about":[{"href":"https:\/\/tacticalboards.com\/es\/wp-json\/wp\/v2\/types\/page"}],"author":[{"embeddable":true,"href":"https:\/\/tacticalboards.com\/es\/wp-json\/wp\/v2\/users\/1"}],"replies":[{"embeddable":true,"href":"https:\/\/tacticalboards.com\/es\/wp-json\/wp\/v2\/comments?post=1268"}],"version-history":[{"count":2,"href":"https:\/\/tacticalboards.com\/es\/wp-json\/wp\/v2\/pages\/1268\/revisions"}],"predecessor-version":[{"id":1270,"href":"https:\/\/tacticalboards.com\/es\/wp-json\/wp\/v2\/pages\/1268\/revisions\/1270"}],"wp:attachment":[{"href":"https:\/\/tacticalboards.com\/es\/wp-json\/wp\/v2\/media?parent=1268"}],"curies":[{"name":"wp","href":"https:\/\/api.w.org\/{rel}","templated":true}]}}