{"id":1228,"date":"2025-01-07T09:37:41","date_gmt":"2025-01-07T09:37:41","guid":{"rendered":"https:\/\/tacticalboards.com\/politica-de-uso-aceptable\/"},"modified":"2025-05-14T09:38:19","modified_gmt":"2025-05-14T08:38:19","slug":"politica-de-uso-aceptable","status":"publish","type":"page","link":"https:\/\/tacticalboards.com\/es\/politica-de-uso-aceptable\/","title":{"rendered":"Pol\u00edtica de uso aceptable"},"content":{"rendered":"<p>[vc_row css=&#8221;.vc_custom_1730108189827{padding-top: 80px !important;}&#8221;][vc_column][vc_column_text]Estamos orgullosos de servir a una gran comunidad de usuarios que conf\u00edan en nosotros, y nosotros confiamos en que utilices Tactical Soccer de manera responsable.<\/p>\n<p>Al usar los servicios de Tactical Soccer (&#8220;Servicios&#8221;), aceptas no hacer un uso indebido de ellos. Espec\u00edficamente, aceptas no hacer, y no ayudar a otros a:<\/p>\n<ul>\n<li>Sondear, escanear o probar la vulnerabilidad de cualquier sistema o red.<\/li>\n<li>Violar o eludir cualquier medida de seguridad o autenticaci\u00f3n.<\/li>\n<li>Acceder, manipular o usar \u00e1reas no p\u00fablicas de los Servicios o \u00e1reas compartidas sin permiso.<\/li>\n<li>Interferir o interrumpir otros usuarios, hosts o redes (por ejemplo, difundiendo virus, sobrecargando, inundando, enviando spam o bombardeando de correos cualquier parte de los Servicios).<\/li>\n<li>Acceder, buscar o crear cuentas por cualqueir m\u00e9todo que no sean nuestras interfaces compatibles (por ejemplo, &#8220;Scraping&#8221; o creaci\u00f3n masiva de cuentas).<\/li>\n<li>Enviar comunicaciones no solicitadas, promocios, anuncios o spam.<\/li>\n<li>Enviar informaci\u00f3n de origen alterada, enga\u00f1osa o falsa (por ejemplo, &#8220;spoofing&#8221; o &#8220;phising&#8221;).<\/li>\n<li>Abusar de los programas de referencias o promociones.<\/li>\n<li>Vender o Revender los Servicios sin autorizaci\u00f3n.<\/li>\n<li>Publicar o compartir contenido ilegal, pornogr\u00e1fico o excesivamente violento.<\/li>\n<li>Promover el odio o la intolerancia hacia individuos o grupos basados en raza, religi\u00f3n, etnia, sexo, identidad de g\u00e9nero, orientaci\u00f3n sexual, discapacidad o impedimento.<\/li>\n<li>Violar la ley, inclu\u00eddo el almacenamiento, publicaci\u00f3n o compartici\u00f3n de material fraudulento, difamatorio o enga\u00f1oso.<\/li>\n<li>Infringir la privacidad o los derechos de los dem\u00e1s.<\/li>\n<\/ul>\n<p>Gracias por ayudarnos a mantener una comunidad m\u00e1s segura y de confianza.[\/vc_column_text][\/vc_column][\/vc_row]<\/p>\n","protected":false},"excerpt":{"rendered":"<p>[vc_row css=&#8221;.vc_custom_1730108189827{padding-top: 80px !important;}&#8221;][vc_column][vc_column_text]Estamos orgullosos de servir a una gran comunidad de usuarios que conf\u00edan en nosotros, y nosotros confiamos en que utilices Tactical Soccer de manera responsable. Al usar los servicios de Tactical Soccer (&#8220;Servicios&#8221;), aceptas no hacer un uso indebido de ellos. Espec\u00edficamente, aceptas no hacer, y no ayudar a otros a: Sondear, [&hellip;]<\/p>\n","protected":false},"author":1,"featured_media":0,"parent":0,"menu_order":0,"comment_status":"closed","ping_status":"closed","template":"","meta":{"inline_featured_image":false,"footnotes":""},"class_list":["post-1228","page","type-page","status-publish","hentry"],"yoast_head":"<!-- This site is optimized with the Yoast SEO plugin v24.4 - https:\/\/yoast.com\/wordpress\/plugins\/seo\/ -->\n<title>Pol\u00edtica de uso aceptable - Tactical Boards<\/title>\n<meta name=\"robots\" content=\"index, follow, max-snippet:-1, max-image-preview:large, max-video-preview:-1\" \/>\n<link rel=\"canonical\" href=\"https:\/\/tacticalboards.com\/es\/politica-de-uso-aceptable\/\" \/>\n<meta property=\"og:locale\" content=\"es_ES\" \/>\n<meta property=\"og:type\" content=\"article\" \/>\n<meta property=\"og:title\" content=\"Pol\u00edtica de uso aceptable - Tactical Boards\" \/>\n<meta property=\"og:description\" content=\"[vc_row css=&#8221;.vc_custom_1730108189827{padding-top: 80px !important;}&#8221;][vc_column][vc_column_text]Estamos orgullosos de servir a una gran comunidad de usuarios que conf\u00edan en nosotros, y nosotros confiamos en que utilices Tactical Soccer de manera responsable. Al usar los servicios de Tactical Soccer (&#8220;Servicios&#8221;), aceptas no hacer un uso indebido de ellos. Espec\u00edficamente, aceptas no hacer, y no ayudar a otros a: Sondear, [&hellip;]\" \/>\n<meta property=\"og:url\" content=\"https:\/\/tacticalboards.com\/es\/politica-de-uso-aceptable\/\" \/>\n<meta property=\"og:site_name\" content=\"Tactical Boards\" \/>\n<meta property=\"article:publisher\" content=\"https:\/\/www.facebook.com\/tacticalboards\/\" \/>\n<meta property=\"article:modified_time\" content=\"2025-05-14T08:38:19+00:00\" \/>\n<meta name=\"twitter:card\" content=\"summary_large_image\" \/>\n<meta name=\"twitter:site\" content=\"@tacticalboards\" \/>\n<meta name=\"twitter:label1\" content=\"Tiempo de lectura\" \/>\n\t<meta name=\"twitter:data1\" content=\"2 minutos\" \/>\n<script type=\"application\/ld+json\" class=\"yoast-schema-graph\">{\"@context\":\"https:\/\/schema.org\",\"@graph\":[{\"@type\":\"WebPage\",\"@id\":\"https:\/\/tacticalboards.com\/es\/politica-de-uso-aceptable\/\",\"url\":\"https:\/\/tacticalboards.com\/es\/politica-de-uso-aceptable\/\",\"name\":\"Pol\u00edtica de uso aceptable - Tactical Boards\",\"isPartOf\":{\"@id\":\"https:\/\/tacticalboards.com\/es\/#website\"},\"datePublished\":\"2025-01-07T09:37:41+00:00\",\"dateModified\":\"2025-05-14T08:38:19+00:00\",\"breadcrumb\":{\"@id\":\"https:\/\/tacticalboards.com\/es\/politica-de-uso-aceptable\/#breadcrumb\"},\"inLanguage\":\"es\",\"potentialAction\":[{\"@type\":\"ReadAction\",\"target\":[\"https:\/\/tacticalboards.com\/es\/politica-de-uso-aceptable\/\"]}]},{\"@type\":\"BreadcrumbList\",\"@id\":\"https:\/\/tacticalboards.com\/es\/politica-de-uso-aceptable\/#breadcrumb\",\"itemListElement\":[{\"@type\":\"ListItem\",\"position\":1,\"name\":\"Home\",\"item\":\"https:\/\/tacticalboards.com\/es\/\"},{\"@type\":\"ListItem\",\"position\":2,\"name\":\"Pol\u00edtica de uso aceptable\"}]},{\"@type\":\"WebSite\",\"@id\":\"https:\/\/tacticalboards.com\/es\/#website\",\"url\":\"https:\/\/tacticalboards.com\/es\/\",\"name\":\"Tactical Boards\",\"description\":\"\",\"publisher\":{\"@id\":\"https:\/\/tacticalboards.com\/es\/#organization\"},\"potentialAction\":[{\"@type\":\"SearchAction\",\"target\":{\"@type\":\"EntryPoint\",\"urlTemplate\":\"https:\/\/tacticalboards.com\/es\/?s={search_term_string}\"},\"query-input\":{\"@type\":\"PropertyValueSpecification\",\"valueRequired\":true,\"valueName\":\"search_term_string\"}}],\"inLanguage\":\"es\"},{\"@type\":\"Organization\",\"@id\":\"https:\/\/tacticalboards.com\/es\/#organization\",\"name\":\"Tactical Boards\",\"url\":\"https:\/\/tacticalboards.com\/es\/\",\"logo\":{\"@type\":\"ImageObject\",\"inLanguage\":\"es\",\"@id\":\"https:\/\/tacticalboards.com\/es\/#\/schema\/logo\/image\/\",\"url\":\"https:\/\/tacticalboards.com\/wp-content\/uploads\/2024\/11\/logo-tacticalboards.svg\",\"contentUrl\":\"https:\/\/tacticalboards.com\/wp-content\/uploads\/2024\/11\/logo-tacticalboards.svg\",\"width\":218,\"height\":79,\"caption\":\"Tactical Boards\"},\"image\":{\"@id\":\"https:\/\/tacticalboards.com\/es\/#\/schema\/logo\/image\/\"},\"sameAs\":[\"https:\/\/www.facebook.com\/tacticalboards\/\",\"https:\/\/x.com\/tacticalboards\",\"https:\/\/www.instagram.com\/tacticalboards\",\"https:\/\/www.linkedin.com\/company\/tactical-soccer\/\",\"https:\/\/www.youtube.com\/@tactical.boards\"]}]}<\/script>\n<!-- \/ Yoast SEO plugin. -->","yoast_head_json":{"title":"Pol\u00edtica de uso aceptable - Tactical Boards","robots":{"index":"index","follow":"follow","max-snippet":"max-snippet:-1","max-image-preview":"max-image-preview:large","max-video-preview":"max-video-preview:-1"},"canonical":"https:\/\/tacticalboards.com\/es\/politica-de-uso-aceptable\/","og_locale":"es_ES","og_type":"article","og_title":"Pol\u00edtica de uso aceptable - Tactical Boards","og_description":"[vc_row css=&#8221;.vc_custom_1730108189827{padding-top: 80px !important;}&#8221;][vc_column][vc_column_text]Estamos orgullosos de servir a una gran comunidad de usuarios que conf\u00edan en nosotros, y nosotros confiamos en que utilices Tactical Soccer de manera responsable. Al usar los servicios de Tactical Soccer (&#8220;Servicios&#8221;), aceptas no hacer un uso indebido de ellos. Espec\u00edficamente, aceptas no hacer, y no ayudar a otros a: Sondear, [&hellip;]","og_url":"https:\/\/tacticalboards.com\/es\/politica-de-uso-aceptable\/","og_site_name":"Tactical Boards","article_publisher":"https:\/\/www.facebook.com\/tacticalboards\/","article_modified_time":"2025-05-14T08:38:19+00:00","twitter_card":"summary_large_image","twitter_site":"@tacticalboards","twitter_misc":{"Tiempo de lectura":"2 minutos"},"schema":{"@context":"https:\/\/schema.org","@graph":[{"@type":"WebPage","@id":"https:\/\/tacticalboards.com\/es\/politica-de-uso-aceptable\/","url":"https:\/\/tacticalboards.com\/es\/politica-de-uso-aceptable\/","name":"Pol\u00edtica de uso aceptable - Tactical Boards","isPartOf":{"@id":"https:\/\/tacticalboards.com\/es\/#website"},"datePublished":"2025-01-07T09:37:41+00:00","dateModified":"2025-05-14T08:38:19+00:00","breadcrumb":{"@id":"https:\/\/tacticalboards.com\/es\/politica-de-uso-aceptable\/#breadcrumb"},"inLanguage":"es","potentialAction":[{"@type":"ReadAction","target":["https:\/\/tacticalboards.com\/es\/politica-de-uso-aceptable\/"]}]},{"@type":"BreadcrumbList","@id":"https:\/\/tacticalboards.com\/es\/politica-de-uso-aceptable\/#breadcrumb","itemListElement":[{"@type":"ListItem","position":1,"name":"Home","item":"https:\/\/tacticalboards.com\/es\/"},{"@type":"ListItem","position":2,"name":"Pol\u00edtica de uso aceptable"}]},{"@type":"WebSite","@id":"https:\/\/tacticalboards.com\/es\/#website","url":"https:\/\/tacticalboards.com\/es\/","name":"Tactical Boards","description":"","publisher":{"@id":"https:\/\/tacticalboards.com\/es\/#organization"},"potentialAction":[{"@type":"SearchAction","target":{"@type":"EntryPoint","urlTemplate":"https:\/\/tacticalboards.com\/es\/?s={search_term_string}"},"query-input":{"@type":"PropertyValueSpecification","valueRequired":true,"valueName":"search_term_string"}}],"inLanguage":"es"},{"@type":"Organization","@id":"https:\/\/tacticalboards.com\/es\/#organization","name":"Tactical Boards","url":"https:\/\/tacticalboards.com\/es\/","logo":{"@type":"ImageObject","inLanguage":"es","@id":"https:\/\/tacticalboards.com\/es\/#\/schema\/logo\/image\/","url":"https:\/\/tacticalboards.com\/wp-content\/uploads\/2024\/11\/logo-tacticalboards.svg","contentUrl":"https:\/\/tacticalboards.com\/wp-content\/uploads\/2024\/11\/logo-tacticalboards.svg","width":218,"height":79,"caption":"Tactical Boards"},"image":{"@id":"https:\/\/tacticalboards.com\/es\/#\/schema\/logo\/image\/"},"sameAs":["https:\/\/www.facebook.com\/tacticalboards\/","https:\/\/x.com\/tacticalboards","https:\/\/www.instagram.com\/tacticalboards","https:\/\/www.linkedin.com\/company\/tactical-soccer\/","https:\/\/www.youtube.com\/@tactical.boards"]}]}},"_links":{"self":[{"href":"https:\/\/tacticalboards.com\/es\/wp-json\/wp\/v2\/pages\/1228","targetHints":{"allow":["GET"]}}],"collection":[{"href":"https:\/\/tacticalboards.com\/es\/wp-json\/wp\/v2\/pages"}],"about":[{"href":"https:\/\/tacticalboards.com\/es\/wp-json\/wp\/v2\/types\/page"}],"author":[{"embeddable":true,"href":"https:\/\/tacticalboards.com\/es\/wp-json\/wp\/v2\/users\/1"}],"replies":[{"embeddable":true,"href":"https:\/\/tacticalboards.com\/es\/wp-json\/wp\/v2\/comments?post=1228"}],"version-history":[{"count":2,"href":"https:\/\/tacticalboards.com\/es\/wp-json\/wp\/v2\/pages\/1228\/revisions"}],"predecessor-version":[{"id":1274,"href":"https:\/\/tacticalboards.com\/es\/wp-json\/wp\/v2\/pages\/1228\/revisions\/1274"}],"wp:attachment":[{"href":"https:\/\/tacticalboards.com\/es\/wp-json\/wp\/v2\/media?parent=1228"}],"curies":[{"name":"wp","href":"https:\/\/api.w.org\/{rel}","templated":true}]}}