{"id":1226,"date":"2025-01-07T09:39:29","date_gmt":"2025-01-07T09:39:29","guid":{"rendered":"https:\/\/tacticalboards.com\/politica-de-privacidad\/"},"modified":"2025-05-14T09:36:12","modified_gmt":"2025-05-14T08:36:12","slug":"politica-de-privacidad","status":"publish","type":"page","link":"https:\/\/tacticalboards.com\/es\/politica-de-privacidad\/","title":{"rendered":"Pol\u00edtica de Privacidad"},"content":{"rendered":"<p>[vc_row css=&#8221;.vc_custom_1730108189827{padding-top: 80px !important;}&#8221;][vc_column][vc_column_text]\u00a1Gracias por usar Tactical Boards! Esta Pol\u00edtica de Privacidad explica c\u00f3mo recopilamos, usamos y gestionamos tu informaci\u00f3n cuando accedes a nuestros sitios web, software y servicios (&#8220;Servicios&#8221;).<\/p>\n<p><strong>Informaci\u00f3n que Recopilamos y Por Qu\u00e9<\/strong><\/p>\n<ul>\n<li><strong>Informaci\u00f3n de la Cuenta<\/strong>: Recopilamos datos como tu nombre, direcci\u00f3n de correo electr\u00f3nico, n\u00famero de tel\u00e9fono, informaci\u00f3n de pago y direcci\u00f3n f\u00edsica, que est\u00e1n asociados a tu cuenta. Ciertos servicios permiten el acceso a cuentas e informaci\u00f3n con otros proveedores.<\/li>\n<li><strong>Datos del Servicio<\/strong>: Al usar nuestros Servicios, almacenamos, procesamos y transmitimos tus archivos y la informaci\u00f3n relacionada. Si das acceso a tus contactos, los almacenaremos para facilitar funciones como compartir contenido, enviar correos electr\u00f3nicos e invitar a otros.<\/li>\n<li><strong>Datos de Uso<\/strong>: Recopilamos informaci\u00f3n sobre los dispositivos y navegadores que usas para acceder a los Servicios. Esto incluye direcciones IP, tipos de navegador y dispositivo, visitas a sitios web anteriores e identificadores de dispositivos. Los dispositivos tambi\u00e9n pueden transmitir datos de ubicaci\u00f3n a los Servicios seg\u00fan tu configuraci\u00f3n.<\/li>\n<li><strong>Cookies y Tecnolog\u00eda<\/strong>: Usamos cookies, etiquetas de pixel y tecnolog\u00edas similares para respaldar, mejorar y analizar nuestros Servicios. Por ejemplo, las cookies recuerdan tu nombre de usuario para visitar futuras y nos ayudan a entender tus interacciones con los Sevicios. Puedes ajustar la configuraci\u00f3n de tu navegador para limitar el uso de cookies, pero esto puede afectar la funcionalidad.<\/li>\n<\/ul>\n<p><strong>Compartiendo Informaci\u00f3n<\/strong><\/p>\n<ul>\n<li><strong>Socios de Confianza<\/strong>: Trabajamos con socios externos seleccionados para ayudar a proporcionar, mejorar y apoyar nuestros Servicios. Estos socios acceden a tu informaci\u00f3n solo para realizar tareas en nuestro nombre y en cumplimiento con esta Pol\u00edtica de Privacidad.<\/li>\n<li><strong>Otros Usuarios<\/strong>: Los Servicios pueden mostrar informaci\u00f3n b\u00e1sica como tu nombre y correo electr\u00f3nico en \u00e1reas como tu perfil y notificaciones de compartici\u00f3n. Tambi\u00e9n puedes optar por hacer disponible informaci\u00f3n adicional a otros.<\/li>\n<li><strong>Cumplimiento Legal<\/strong>: Podemos compartir tu informaci\u00f3n cuando sea necesario para (a) cumplir con requisitos legales; (b) proteger a cualquier persona de da\u00f1os graves; (c) prevenir fraudes o abusos de Tactical Soccer o nuestros usuarios; o (d) proteger los derechos de propiedad de Tactical Soccer.<\/li>\n<\/ul>\n<p>Estamos comprometidos con la gesti\u00f3n responsable de datos, proporcionando el mismo nivel de protecci\u00f3n legal para tus datos almacenados con nosotros como si estuvieran almacenados en tus dispositivos personales. Nuestros Principios de Solicitud Gubernamental incluyen:<\/p>\n<ul>\n<li>Transparencia en nuestras acciones,<\/li>\n<li>Oposici\u00f3n a solicitudes generales de datos,<\/li>\n<li>Protecci\u00f3n para todos los usuarios, y<\/li>\n<li>Provisi\u00f3n de servicios fiables y de confianza.<\/li>\n<\/ul>\n<p><strong>C\u00f3mo Protegemos Tu Informaci\u00f3n<\/strong><\/p>\n<ul>\n<li><strong>Seguridad<\/strong>: Tenemos un equipo dedicado a la seguridad que prueba regularmente las vulnerabilidades. Tambi\u00e9n implementamos medidas de protecci\u00f3n como la autenticaci\u00f3n de dos factores, el cifrado de archivos y las notificaciones para nuevas conexiones de dispositivos y aplicaciones a tu cuenta.<\/li>\n<li><strong>Retenci\u00f3n de Datos<\/strong>: Retenemos tu informaci\u00f3n durante el tiempo necesario para proporcionar los Servicios. Si eliminas tu cuenta, tu informaci\u00f3n ser\u00e1 eliminada, aunque puede haber un breve retraso. Podemos retener cierta informaci\u00f3n para cumplir con obligaciones legales, resolver disputas o hacer cumplir acuerdos.<\/li>\n<\/ul>\n<p><strong>Almacenamiento y Transferencias de Datos<\/strong><\/p>\n<ul>\n<li><strong>Acceso Global<\/strong>: Para ofrecer los Servicios, podemos almacenar y procesar informaci\u00f3n en m\u00faltiples ubicaciones en todo el mundo, incluidas fuera de tu pa\u00eds de residencia. Los datos tambi\u00e9n pueden almacenarse en dispositivos que utilices para acceder a los Servicios.<\/li>\n<\/ul>\n<p><strong>Actualizaciones de la Pol\u00edtica<\/strong><\/p>\n<p>Si Tactical Board se somete a una fusi\u00f3n, adquisici\u00f3n, reorganizaci\u00f3n o venta, tu informaci\u00f3n puede ser transferida como parte de esa transacci\u00f3n. Te notificaremos en tales casos.y proporcionaremos opciones seg\u00fan sea necesario.<\/p>\n<p>Esta Pol\u00edtica de Privacidad puede actualizarse peri\u00f3dicamente, y siempre publicaremos la versi\u00f3n mas reciente en nuestro sitio web. Te informaremos si los cambios afectan significativamente tus derechos.<\/p>\n<p><strong>Cont\u00e1ctanos<\/strong><\/p>\n<p>Para cualquier pregunta o inquietud sobre Tactical Board, nuestros Servicios o esta Pol\u00edtica de Privacidad, por facor cont\u00e1ctanos en <strong><a rel=\"noopener\">privacy@brandit.pt<\/a><\/strong>[\/vc_column_text][\/vc_column][\/vc_row]<\/p>\n","protected":false},"excerpt":{"rendered":"<p>[vc_row css=&#8221;.vc_custom_1730108189827{padding-top: 80px !important;}&#8221;][vc_column][vc_column_text]\u00a1Gracias por usar Tactical Boards! Esta Pol\u00edtica de Privacidad explica c\u00f3mo recopilamos, usamos y gestionamos tu informaci\u00f3n cuando accedes a nuestros sitios web, software y servicios (&#8220;Servicios&#8221;). Informaci\u00f3n que Recopilamos y Por Qu\u00e9 Informaci\u00f3n de la Cuenta: Recopilamos datos como tu nombre, direcci\u00f3n de correo electr\u00f3nico, n\u00famero de tel\u00e9fono, informaci\u00f3n de pago [&hellip;]<\/p>\n","protected":false},"author":1,"featured_media":0,"parent":0,"menu_order":0,"comment_status":"closed","ping_status":"closed","template":"","meta":{"inline_featured_image":false,"footnotes":""},"class_list":["post-1226","page","type-page","status-publish","hentry"],"yoast_head":"<!-- This site is optimized with the Yoast SEO plugin v24.4 - https:\/\/yoast.com\/wordpress\/plugins\/seo\/ -->\n<title>Pol\u00edtica de Privacidad - Tactical Boards<\/title>\n<meta name=\"robots\" content=\"index, follow, max-snippet:-1, max-image-preview:large, max-video-preview:-1\" \/>\n<link rel=\"canonical\" href=\"https:\/\/tacticalboards.com\/es\/politica-de-privacidad\/\" \/>\n<meta property=\"og:locale\" content=\"es_ES\" \/>\n<meta property=\"og:type\" content=\"article\" \/>\n<meta property=\"og:title\" content=\"Pol\u00edtica de Privacidad - Tactical Boards\" \/>\n<meta property=\"og:description\" content=\"[vc_row css=&#8221;.vc_custom_1730108189827{padding-top: 80px !important;}&#8221;][vc_column][vc_column_text]\u00a1Gracias por usar Tactical Boards! Esta Pol\u00edtica de Privacidad explica c\u00f3mo recopilamos, usamos y gestionamos tu informaci\u00f3n cuando accedes a nuestros sitios web, software y servicios (&#8220;Servicios&#8221;). Informaci\u00f3n que Recopilamos y Por Qu\u00e9 Informaci\u00f3n de la Cuenta: Recopilamos datos como tu nombre, direcci\u00f3n de correo electr\u00f3nico, n\u00famero de tel\u00e9fono, informaci\u00f3n de pago [&hellip;]\" \/>\n<meta property=\"og:url\" content=\"https:\/\/tacticalboards.com\/es\/politica-de-privacidad\/\" \/>\n<meta property=\"og:site_name\" content=\"Tactical Boards\" \/>\n<meta property=\"article:publisher\" content=\"https:\/\/www.facebook.com\/tacticalboards\/\" \/>\n<meta property=\"article:modified_time\" content=\"2025-05-14T08:36:12+00:00\" \/>\n<meta name=\"twitter:card\" content=\"summary_large_image\" \/>\n<meta name=\"twitter:site\" content=\"@tacticalboards\" \/>\n<meta name=\"twitter:label1\" content=\"Tiempo de lectura\" \/>\n\t<meta name=\"twitter:data1\" content=\"3 minutos\" \/>\n<script type=\"application\/ld+json\" class=\"yoast-schema-graph\">{\"@context\":\"https:\/\/schema.org\",\"@graph\":[{\"@type\":\"WebPage\",\"@id\":\"https:\/\/tacticalboards.com\/es\/politica-de-privacidad\/\",\"url\":\"https:\/\/tacticalboards.com\/es\/politica-de-privacidad\/\",\"name\":\"Pol\u00edtica de Privacidad - Tactical Boards\",\"isPartOf\":{\"@id\":\"https:\/\/tacticalboards.com\/es\/#website\"},\"datePublished\":\"2025-01-07T09:39:29+00:00\",\"dateModified\":\"2025-05-14T08:36:12+00:00\",\"breadcrumb\":{\"@id\":\"https:\/\/tacticalboards.com\/es\/politica-de-privacidad\/#breadcrumb\"},\"inLanguage\":\"es\",\"potentialAction\":[{\"@type\":\"ReadAction\",\"target\":[\"https:\/\/tacticalboards.com\/es\/politica-de-privacidad\/\"]}]},{\"@type\":\"BreadcrumbList\",\"@id\":\"https:\/\/tacticalboards.com\/es\/politica-de-privacidad\/#breadcrumb\",\"itemListElement\":[{\"@type\":\"ListItem\",\"position\":1,\"name\":\"Home\",\"item\":\"https:\/\/tacticalboards.com\/es\/\"},{\"@type\":\"ListItem\",\"position\":2,\"name\":\"Pol\u00edtica de Privacidad\"}]},{\"@type\":\"WebSite\",\"@id\":\"https:\/\/tacticalboards.com\/es\/#website\",\"url\":\"https:\/\/tacticalboards.com\/es\/\",\"name\":\"Tactical Boards\",\"description\":\"\",\"publisher\":{\"@id\":\"https:\/\/tacticalboards.com\/es\/#organization\"},\"potentialAction\":[{\"@type\":\"SearchAction\",\"target\":{\"@type\":\"EntryPoint\",\"urlTemplate\":\"https:\/\/tacticalboards.com\/es\/?s={search_term_string}\"},\"query-input\":{\"@type\":\"PropertyValueSpecification\",\"valueRequired\":true,\"valueName\":\"search_term_string\"}}],\"inLanguage\":\"es\"},{\"@type\":\"Organization\",\"@id\":\"https:\/\/tacticalboards.com\/es\/#organization\",\"name\":\"Tactical Boards\",\"url\":\"https:\/\/tacticalboards.com\/es\/\",\"logo\":{\"@type\":\"ImageObject\",\"inLanguage\":\"es\",\"@id\":\"https:\/\/tacticalboards.com\/es\/#\/schema\/logo\/image\/\",\"url\":\"https:\/\/tacticalboards.com\/wp-content\/uploads\/2024\/11\/logo-tacticalboards.svg\",\"contentUrl\":\"https:\/\/tacticalboards.com\/wp-content\/uploads\/2024\/11\/logo-tacticalboards.svg\",\"width\":218,\"height\":79,\"caption\":\"Tactical Boards\"},\"image\":{\"@id\":\"https:\/\/tacticalboards.com\/es\/#\/schema\/logo\/image\/\"},\"sameAs\":[\"https:\/\/www.facebook.com\/tacticalboards\/\",\"https:\/\/x.com\/tacticalboards\",\"https:\/\/www.instagram.com\/tacticalboards\",\"https:\/\/www.linkedin.com\/company\/tactical-soccer\/\",\"https:\/\/www.youtube.com\/@tactical.boards\"]}]}<\/script>\n<!-- \/ Yoast SEO plugin. -->","yoast_head_json":{"title":"Pol\u00edtica de Privacidad - Tactical Boards","robots":{"index":"index","follow":"follow","max-snippet":"max-snippet:-1","max-image-preview":"max-image-preview:large","max-video-preview":"max-video-preview:-1"},"canonical":"https:\/\/tacticalboards.com\/es\/politica-de-privacidad\/","og_locale":"es_ES","og_type":"article","og_title":"Pol\u00edtica de Privacidad - Tactical Boards","og_description":"[vc_row css=&#8221;.vc_custom_1730108189827{padding-top: 80px !important;}&#8221;][vc_column][vc_column_text]\u00a1Gracias por usar Tactical Boards! Esta Pol\u00edtica de Privacidad explica c\u00f3mo recopilamos, usamos y gestionamos tu informaci\u00f3n cuando accedes a nuestros sitios web, software y servicios (&#8220;Servicios&#8221;). Informaci\u00f3n que Recopilamos y Por Qu\u00e9 Informaci\u00f3n de la Cuenta: Recopilamos datos como tu nombre, direcci\u00f3n de correo electr\u00f3nico, n\u00famero de tel\u00e9fono, informaci\u00f3n de pago [&hellip;]","og_url":"https:\/\/tacticalboards.com\/es\/politica-de-privacidad\/","og_site_name":"Tactical Boards","article_publisher":"https:\/\/www.facebook.com\/tacticalboards\/","article_modified_time":"2025-05-14T08:36:12+00:00","twitter_card":"summary_large_image","twitter_site":"@tacticalboards","twitter_misc":{"Tiempo de lectura":"3 minutos"},"schema":{"@context":"https:\/\/schema.org","@graph":[{"@type":"WebPage","@id":"https:\/\/tacticalboards.com\/es\/politica-de-privacidad\/","url":"https:\/\/tacticalboards.com\/es\/politica-de-privacidad\/","name":"Pol\u00edtica de Privacidad - Tactical Boards","isPartOf":{"@id":"https:\/\/tacticalboards.com\/es\/#website"},"datePublished":"2025-01-07T09:39:29+00:00","dateModified":"2025-05-14T08:36:12+00:00","breadcrumb":{"@id":"https:\/\/tacticalboards.com\/es\/politica-de-privacidad\/#breadcrumb"},"inLanguage":"es","potentialAction":[{"@type":"ReadAction","target":["https:\/\/tacticalboards.com\/es\/politica-de-privacidad\/"]}]},{"@type":"BreadcrumbList","@id":"https:\/\/tacticalboards.com\/es\/politica-de-privacidad\/#breadcrumb","itemListElement":[{"@type":"ListItem","position":1,"name":"Home","item":"https:\/\/tacticalboards.com\/es\/"},{"@type":"ListItem","position":2,"name":"Pol\u00edtica de Privacidad"}]},{"@type":"WebSite","@id":"https:\/\/tacticalboards.com\/es\/#website","url":"https:\/\/tacticalboards.com\/es\/","name":"Tactical Boards","description":"","publisher":{"@id":"https:\/\/tacticalboards.com\/es\/#organization"},"potentialAction":[{"@type":"SearchAction","target":{"@type":"EntryPoint","urlTemplate":"https:\/\/tacticalboards.com\/es\/?s={search_term_string}"},"query-input":{"@type":"PropertyValueSpecification","valueRequired":true,"valueName":"search_term_string"}}],"inLanguage":"es"},{"@type":"Organization","@id":"https:\/\/tacticalboards.com\/es\/#organization","name":"Tactical Boards","url":"https:\/\/tacticalboards.com\/es\/","logo":{"@type":"ImageObject","inLanguage":"es","@id":"https:\/\/tacticalboards.com\/es\/#\/schema\/logo\/image\/","url":"https:\/\/tacticalboards.com\/wp-content\/uploads\/2024\/11\/logo-tacticalboards.svg","contentUrl":"https:\/\/tacticalboards.com\/wp-content\/uploads\/2024\/11\/logo-tacticalboards.svg","width":218,"height":79,"caption":"Tactical Boards"},"image":{"@id":"https:\/\/tacticalboards.com\/es\/#\/schema\/logo\/image\/"},"sameAs":["https:\/\/www.facebook.com\/tacticalboards\/","https:\/\/x.com\/tacticalboards","https:\/\/www.instagram.com\/tacticalboards","https:\/\/www.linkedin.com\/company\/tactical-soccer\/","https:\/\/www.youtube.com\/@tactical.boards"]}]}},"_links":{"self":[{"href":"https:\/\/tacticalboards.com\/es\/wp-json\/wp\/v2\/pages\/1226","targetHints":{"allow":["GET"]}}],"collection":[{"href":"https:\/\/tacticalboards.com\/es\/wp-json\/wp\/v2\/pages"}],"about":[{"href":"https:\/\/tacticalboards.com\/es\/wp-json\/wp\/v2\/types\/page"}],"author":[{"embeddable":true,"href":"https:\/\/tacticalboards.com\/es\/wp-json\/wp\/v2\/users\/1"}],"replies":[{"embeddable":true,"href":"https:\/\/tacticalboards.com\/es\/wp-json\/wp\/v2\/comments?post=1226"}],"version-history":[{"count":3,"href":"https:\/\/tacticalboards.com\/es\/wp-json\/wp\/v2\/pages\/1226\/revisions"}],"predecessor-version":[{"id":1272,"href":"https:\/\/tacticalboards.com\/es\/wp-json\/wp\/v2\/pages\/1226\/revisions\/1272"}],"wp:attachment":[{"href":"https:\/\/tacticalboards.com\/es\/wp-json\/wp\/v2\/media?parent=1226"}],"curies":[{"name":"wp","href":"https:\/\/api.w.org\/{rel}","templated":true}]}}